{"id":515,"date":"2021-11-03T17:36:06","date_gmt":"2021-11-03T08:36:06","guid":{"rendered":"https:\/\/newlifeconcert.org\/introduction\/"},"modified":"2022-01-24T17:26:58","modified_gmt":"2022-01-24T08:26:58","slug":"introduction","status":"publish","type":"page","link":"https:\/\/newlifeconcert.org\/vi\/introduction\/","title":{"rendered":"Gi\u1edbi thi\u1ec7u H\u00f2a nh\u1ea1c T\u00ecnh y\u00eau S\u1ef1 s\u1ed1ng m\u1edbi"},"content":{"rendered":"","protected":false},"excerpt":{"rendered":"","protected":false},"author":7,"featured_media":1505,"parent":0,"menu_order":0,"comment_status":"closed","ping_status":"closed","template":"","meta":{"footnotes":""},"yoast_head":"<!-- This site is optimized with the Yoast SEO plugin v21.9.1 - https:\/\/yoast.com\/wordpress\/plugins\/seo\/ -->\n<title>Gi\u1edbi thi\u1ec7u H\u00f2a nh\u1ea1c T\u00ecnh y\u00eau S\u1ef1 s\u1ed1ng m\u1edbi - H\u00f2a nh\u1ea1c T\u00ecnh y\u00eau S\u1ef1 s\u1ed1ng m\u1edbi<\/title>\n<meta name=\"description\" content=\"H\u00f2a nh\u1ea1c T\u00ecnh y\u00eau S\u1ef1 s\u1ed1ng m\u1edbi l\u00e0 s\u1ef1 ki\u1ec7n ph\u00fac l\u1ee3i chia s\u1ebb t\u00ecnh y\u00eau th\u01b0\u01a1ng c\u1ee7a m\u1eb9, gi\u00fap \u0111\u1ee1 gia \u0111\u00ecnh to\u00e0n c\u1ea7u g\u1eb7p ho\u00e0n c\u1ea3nh kh\u00f3 kh\u0103n nh\u01b0 th\u1ea3m h\u1ecda, b\u1ec7nh t\u1eadt, ngh\u00e8o \u0111\u00f3i v.v... v\u00e0 tr\u1ebb em c\u00f3 s\u1ef1 s\u1ed1ng \u0111ang nguy k\u1ecbch, b\u1eb1ng b\u00e0i ca hy v\u1ecdng v\u00e0 t\u1ea5m l\u00f2ng \u1ea5m \u00e1p khi k\u1ebft th\u00fac m\u1ed9t n\u0103m.\" \/>\n<meta name=\"robots\" content=\"index, follow, max-snippet:-1, max-image-preview:large, max-video-preview:-1\" \/>\n<link rel=\"canonical\" href=\"https:\/\/newlifeconcert.org\/vi\/introduction\/\" \/>\n<meta property=\"og:locale\" content=\"vi_VN\" \/>\n<meta property=\"og:type\" content=\"article\" \/>\n<meta property=\"og:title\" content=\"Gi\u1edbi thi\u1ec7u H\u00f2a nh\u1ea1c T\u00ecnh y\u00eau S\u1ef1 s\u1ed1ng m\u1edbi - H\u00f2a nh\u1ea1c T\u00ecnh y\u00eau S\u1ef1 s\u1ed1ng m\u1edbi\" \/>\n<meta property=\"og:description\" content=\"H\u00f2a nh\u1ea1c T\u00ecnh y\u00eau S\u1ef1 s\u1ed1ng m\u1edbi l\u00e0 s\u1ef1 ki\u1ec7n ph\u00fac l\u1ee3i chia s\u1ebb t\u00ecnh y\u00eau th\u01b0\u01a1ng c\u1ee7a m\u1eb9, gi\u00fap \u0111\u1ee1 gia \u0111\u00ecnh to\u00e0n c\u1ea7u g\u1eb7p ho\u00e0n c\u1ea3nh kh\u00f3 kh\u0103n nh\u01b0 th\u1ea3m h\u1ecda, b\u1ec7nh t\u1eadt, ngh\u00e8o \u0111\u00f3i v.v... v\u00e0 tr\u1ebb em c\u00f3 s\u1ef1 s\u1ed1ng \u0111ang nguy k\u1ecbch, b\u1eb1ng b\u00e0i ca hy v\u1ecdng v\u00e0 t\u1ea5m l\u00f2ng \u1ea5m \u00e1p khi k\u1ebft th\u00fac m\u1ed9t n\u0103m.\" \/>\n<meta property=\"og:url\" content=\"https:\/\/newlifeconcert.org\/vi\/introduction\/\" \/>\n<meta property=\"og:site_name\" content=\"H\u00f2a nh\u1ea1c T\u00ecnh y\u00eau S\u1ef1 s\u1ed1ng m\u1edbi\" \/>\n<meta property=\"article:modified_time\" content=\"2022-01-24T08:26:58+00:00\" \/>\n<meta property=\"og:image\" content=\"https:\/\/newlifeconcert.org\/wp-content\/uploads\/2022\/02\/introduction_new_life_concert.jpg\" \/>\n\t<meta property=\"og:image:width\" content=\"1200\" \/>\n\t<meta property=\"og:image:height\" content=\"630\" \/>\n\t<meta property=\"og:image:type\" content=\"image\/jpeg\" \/>\n<meta name=\"twitter:card\" content=\"summary_large_image\" \/>\n<script type=\"application\/ld+json\" class=\"yoast-schema-graph\">{\"@context\":\"https:\/\/schema.org\",\"@graph\":[{\"@type\":\"WebPage\",\"@id\":\"https:\/\/newlifeconcert.org\/vi\/introduction\/\",\"url\":\"https:\/\/newlifeconcert.org\/vi\/introduction\/\",\"name\":\"Gi\u1edbi thi\u1ec7u H\u00f2a nh\u1ea1c T\u00ecnh y\u00eau S\u1ef1 s\u1ed1ng m\u1edbi - H\u00f2a nh\u1ea1c T\u00ecnh y\u00eau S\u1ef1 s\u1ed1ng m\u1edbi\",\"isPartOf\":{\"@id\":\"https:\/\/newlifeconcert.org\/#website\"},\"datePublished\":\"2021-11-03T08:36:06+00:00\",\"dateModified\":\"2022-01-24T08:26:58+00:00\",\"description\":\"H\u00f2a nh\u1ea1c T\u00ecnh y\u00eau S\u1ef1 s\u1ed1ng m\u1edbi l\u00e0 s\u1ef1 ki\u1ec7n ph\u00fac l\u1ee3i chia s\u1ebb t\u00ecnh y\u00eau th\u01b0\u01a1ng c\u1ee7a m\u1eb9, gi\u00fap \u0111\u1ee1 gia \u0111\u00ecnh to\u00e0n c\u1ea7u g\u1eb7p ho\u00e0n c\u1ea3nh kh\u00f3 kh\u0103n nh\u01b0 th\u1ea3m h\u1ecda, b\u1ec7nh t\u1eadt, ngh\u00e8o \u0111\u00f3i v.v... v\u00e0 tr\u1ebb em c\u00f3 s\u1ef1 s\u1ed1ng \u0111ang nguy k\u1ecbch, b\u1eb1ng b\u00e0i ca hy v\u1ecdng v\u00e0 t\u1ea5m l\u00f2ng \u1ea5m \u00e1p khi k\u1ebft th\u00fac m\u1ed9t n\u0103m.\",\"breadcrumb\":{\"@id\":\"https:\/\/newlifeconcert.org\/vi\/introduction\/#breadcrumb\"},\"inLanguage\":\"vi-VN\",\"potentialAction\":[{\"@type\":\"ReadAction\",\"target\":[\"https:\/\/newlifeconcert.org\/vi\/introduction\/\"]}]},{\"@type\":\"BreadcrumbList\",\"@id\":\"https:\/\/newlifeconcert.org\/vi\/introduction\/#breadcrumb\",\"itemListElement\":[{\"@type\":\"ListItem\",\"position\":1,\"name\":\"Home\",\"item\":\"https:\/\/newlifeconcert.org\/vi\/\"},{\"@type\":\"ListItem\",\"position\":2,\"name\":\"Gi\u1edbi thi\u1ec7u H\u00f2a nh\u1ea1c T\u00ecnh y\u00eau S\u1ef1 s\u1ed1ng m\u1edbi\"}]},{\"@type\":\"WebSite\",\"@id\":\"https:\/\/newlifeconcert.org\/#website\",\"url\":\"https:\/\/newlifeconcert.org\/\",\"name\":\"H\u00f2a nh\u1ea1c T\u00ecnh y\u00eau S\u1ef1 s\u1ed1ng m\u1edbi\",\"description\":\"\ub2e4\ub978 \uc6cc\ub4dc\ud504\ub798\uc2a4 \uc0ac\uc774\ud2b8\",\"potentialAction\":[{\"@type\":\"SearchAction\",\"target\":{\"@type\":\"EntryPoint\",\"urlTemplate\":\"https:\/\/newlifeconcert.org\/?s={search_term_string}\"},\"query-input\":\"required name=search_term_string\"}],\"inLanguage\":\"vi-VN\"}]}<\/script>\n<!-- \/ Yoast SEO plugin. -->","yoast_head_json":{"title":"Gi\u1edbi thi\u1ec7u H\u00f2a nh\u1ea1c T\u00ecnh y\u00eau S\u1ef1 s\u1ed1ng m\u1edbi - H\u00f2a nh\u1ea1c T\u00ecnh y\u00eau S\u1ef1 s\u1ed1ng m\u1edbi","description":"H\u00f2a nh\u1ea1c T\u00ecnh y\u00eau S\u1ef1 s\u1ed1ng m\u1edbi l\u00e0 s\u1ef1 ki\u1ec7n ph\u00fac l\u1ee3i chia s\u1ebb t\u00ecnh y\u00eau th\u01b0\u01a1ng c\u1ee7a m\u1eb9, gi\u00fap \u0111\u1ee1 gia \u0111\u00ecnh to\u00e0n c\u1ea7u g\u1eb7p ho\u00e0n c\u1ea3nh kh\u00f3 kh\u0103n nh\u01b0 th\u1ea3m h\u1ecda, b\u1ec7nh t\u1eadt, ngh\u00e8o \u0111\u00f3i v.v... v\u00e0 tr\u1ebb em c\u00f3 s\u1ef1 s\u1ed1ng \u0111ang nguy k\u1ecbch, b\u1eb1ng b\u00e0i ca hy v\u1ecdng v\u00e0 t\u1ea5m l\u00f2ng \u1ea5m \u00e1p khi k\u1ebft th\u00fac m\u1ed9t n\u0103m.","robots":{"index":"index","follow":"follow","max-snippet":"max-snippet:-1","max-image-preview":"max-image-preview:large","max-video-preview":"max-video-preview:-1"},"canonical":"https:\/\/newlifeconcert.org\/vi\/introduction\/","og_locale":"vi_VN","og_type":"article","og_title":"Gi\u1edbi thi\u1ec7u H\u00f2a nh\u1ea1c T\u00ecnh y\u00eau S\u1ef1 s\u1ed1ng m\u1edbi - H\u00f2a nh\u1ea1c T\u00ecnh y\u00eau S\u1ef1 s\u1ed1ng m\u1edbi","og_description":"H\u00f2a nh\u1ea1c T\u00ecnh y\u00eau S\u1ef1 s\u1ed1ng m\u1edbi l\u00e0 s\u1ef1 ki\u1ec7n ph\u00fac l\u1ee3i chia s\u1ebb t\u00ecnh y\u00eau th\u01b0\u01a1ng c\u1ee7a m\u1eb9, gi\u00fap \u0111\u1ee1 gia \u0111\u00ecnh to\u00e0n c\u1ea7u g\u1eb7p ho\u00e0n c\u1ea3nh kh\u00f3 kh\u0103n nh\u01b0 th\u1ea3m h\u1ecda, b\u1ec7nh t\u1eadt, ngh\u00e8o \u0111\u00f3i v.v... v\u00e0 tr\u1ebb em c\u00f3 s\u1ef1 s\u1ed1ng \u0111ang nguy k\u1ecbch, b\u1eb1ng b\u00e0i ca hy v\u1ecdng v\u00e0 t\u1ea5m l\u00f2ng \u1ea5m \u00e1p khi k\u1ebft th\u00fac m\u1ed9t n\u0103m.","og_url":"https:\/\/newlifeconcert.org\/vi\/introduction\/","og_site_name":"H\u00f2a nh\u1ea1c T\u00ecnh y\u00eau S\u1ef1 s\u1ed1ng m\u1edbi","article_modified_time":"2022-01-24T08:26:58+00:00","og_image":[{"width":1200,"height":630,"url":"https:\/\/newlifeconcert.org\/wp-content\/uploads\/2022\/02\/introduction_new_life_concert.jpg","type":"image\/jpeg"}],"twitter_card":"summary_large_image","schema":{"@context":"https:\/\/schema.org","@graph":[{"@type":"WebPage","@id":"https:\/\/newlifeconcert.org\/vi\/introduction\/","url":"https:\/\/newlifeconcert.org\/vi\/introduction\/","name":"Gi\u1edbi thi\u1ec7u H\u00f2a nh\u1ea1c T\u00ecnh y\u00eau S\u1ef1 s\u1ed1ng m\u1edbi - H\u00f2a nh\u1ea1c T\u00ecnh y\u00eau S\u1ef1 s\u1ed1ng m\u1edbi","isPartOf":{"@id":"https:\/\/newlifeconcert.org\/#website"},"datePublished":"2021-11-03T08:36:06+00:00","dateModified":"2022-01-24T08:26:58+00:00","description":"H\u00f2a nh\u1ea1c T\u00ecnh y\u00eau S\u1ef1 s\u1ed1ng m\u1edbi l\u00e0 s\u1ef1 ki\u1ec7n ph\u00fac l\u1ee3i chia s\u1ebb t\u00ecnh y\u00eau th\u01b0\u01a1ng c\u1ee7a m\u1eb9, gi\u00fap \u0111\u1ee1 gia \u0111\u00ecnh to\u00e0n c\u1ea7u g\u1eb7p ho\u00e0n c\u1ea3nh kh\u00f3 kh\u0103n nh\u01b0 th\u1ea3m h\u1ecda, b\u1ec7nh t\u1eadt, ngh\u00e8o \u0111\u00f3i v.v... v\u00e0 tr\u1ebb em c\u00f3 s\u1ef1 s\u1ed1ng \u0111ang nguy k\u1ecbch, b\u1eb1ng b\u00e0i ca hy v\u1ecdng v\u00e0 t\u1ea5m l\u00f2ng \u1ea5m \u00e1p khi k\u1ebft th\u00fac m\u1ed9t n\u0103m.","breadcrumb":{"@id":"https:\/\/newlifeconcert.org\/vi\/introduction\/#breadcrumb"},"inLanguage":"vi-VN","potentialAction":[{"@type":"ReadAction","target":["https:\/\/newlifeconcert.org\/vi\/introduction\/"]}]},{"@type":"BreadcrumbList","@id":"https:\/\/newlifeconcert.org\/vi\/introduction\/#breadcrumb","itemListElement":[{"@type":"ListItem","position":1,"name":"Home","item":"https:\/\/newlifeconcert.org\/vi\/"},{"@type":"ListItem","position":2,"name":"Gi\u1edbi thi\u1ec7u H\u00f2a nh\u1ea1c T\u00ecnh y\u00eau S\u1ef1 s\u1ed1ng m\u1edbi"}]},{"@type":"WebSite","@id":"https:\/\/newlifeconcert.org\/#website","url":"https:\/\/newlifeconcert.org\/","name":"H\u00f2a nh\u1ea1c T\u00ecnh y\u00eau S\u1ef1 s\u1ed1ng m\u1edbi","description":"\ub2e4\ub978 \uc6cc\ub4dc\ud504\ub798\uc2a4 \uc0ac\uc774\ud2b8","potentialAction":[{"@type":"SearchAction","target":{"@type":"EntryPoint","urlTemplate":"https:\/\/newlifeconcert.org\/?s={search_term_string}"},"query-input":"required name=search_term_string"}],"inLanguage":"vi-VN"}]}},"_links":{"self":[{"href":"https:\/\/newlifeconcert.org\/vi\/wp-json\/wp\/v2\/pages\/515"}],"collection":[{"href":"https:\/\/newlifeconcert.org\/vi\/wp-json\/wp\/v2\/pages"}],"about":[{"href":"https:\/\/newlifeconcert.org\/vi\/wp-json\/wp\/v2\/types\/page"}],"author":[{"embeddable":true,"href":"https:\/\/newlifeconcert.org\/vi\/wp-json\/wp\/v2\/users\/7"}],"replies":[{"embeddable":true,"href":"https:\/\/newlifeconcert.org\/vi\/wp-json\/wp\/v2\/comments?post=515"}],"version-history":[{"count":3,"href":"https:\/\/newlifeconcert.org\/vi\/wp-json\/wp\/v2\/pages\/515\/revisions"}],"predecessor-version":[{"id":1253,"href":"https:\/\/newlifeconcert.org\/vi\/wp-json\/wp\/v2\/pages\/515\/revisions\/1253"}],"wp:featuredmedia":[{"embeddable":true,"href":"https:\/\/newlifeconcert.org\/vi\/wp-json\/wp\/v2\/media\/1505"}],"wp:attachment":[{"href":"https:\/\/newlifeconcert.org\/vi\/wp-json\/wp\/v2\/media?parent=515"}],"curies":[{"name":"wp","href":"https:\/\/api.w.org\/{rel}","templated":true}]}}