{"id":512,"date":"2021-11-03T17:35:56","date_gmt":"2021-11-03T08:35:56","guid":{"rendered":"https:\/\/newlifeconcert.org\/greetings\/"},"modified":"2024-07-04T11:05:00","modified_gmt":"2024-07-04T02:05:00","slug":"greetings","status":"publish","type":"page","link":"https:\/\/newlifeconcert.org\/vi\/greetings\/","title":{"rendered":"Zahng Gil Jah \u2013 Ch\u1ee7 t\u1ecbch danh d\u1ef1 Qu\u1ef9 WeLoveU Qu\u1ed1c t\u1ebf"},"content":{"rendered":"","protected":false},"excerpt":{"rendered":"","protected":false},"author":7,"featured_media":1501,"parent":0,"menu_order":0,"comment_status":"closed","ping_status":"closed","template":"","meta":{"footnotes":""},"yoast_head":"<!-- This site is optimized with the Yoast SEO plugin v21.9.1 - https:\/\/yoast.com\/wordpress\/plugins\/seo\/ -->\n<title>Zahng Gil Jah \u2013 Ch\u1ee7 t\u1ecbch danh d\u1ef1 Qu\u1ef9 WeLoveU Qu\u1ed1c t\u1ebf - H\u00f2a nh\u1ea1c T\u00ecnh y\u00eau S\u1ef1 s\u1ed1ng m\u1edbi<\/title>\n<meta name=\"description\" content=\"Nh\u1eefng v\u1ecb c\u00f9ng tham gia H\u00f2a nh\u1ea1c T\u00ecnh y\u00eau S\u1ef1 s\u1ed1ng m\u1edbi l\u00e0 nh\u1eefng v\u1ecb \u0111\u00e3 l\u1ef1a ch\u1ecdn con \u0111\u01b0\u1eddng t\u00ecnh y\u00eau th\u01b0\u01a1ng trao t\u1eb7ng hy v\u1ecdng v\u00e0 d\u0169ng kh\u00ed cho nh\u1eefng ng\u01b0\u1eddi kh\u00f3 kh\u0103n. L\u00fac n\u00e0o t\u00f4i c\u0169ng c\u1ea3m \u01a1n v\u00ec \u0111\u01b0\u1ee3c l\u00e0m c\u00f9ng c\u00e1c qu\u00fd v\u1ecb c\u00f3 t\u1ea5m l\u00f2ng \u1ea5m \u00e1p v\u00e0 th\u00e2n thi\u1ec7n.\" \/>\n<meta name=\"robots\" content=\"index, follow, max-snippet:-1, max-image-preview:large, max-video-preview:-1\" \/>\n<link rel=\"canonical\" href=\"https:\/\/newlifeconcert.org\/vi\/greetings\/\" \/>\n<meta property=\"og:locale\" content=\"vi_VN\" \/>\n<meta property=\"og:type\" content=\"article\" \/>\n<meta property=\"og:title\" content=\"Zahng Gil Jah \u2013 Ch\u1ee7 t\u1ecbch danh d\u1ef1 Qu\u1ef9 WeLoveU Qu\u1ed1c t\u1ebf - H\u00f2a nh\u1ea1c T\u00ecnh y\u00eau S\u1ef1 s\u1ed1ng m\u1edbi\" \/>\n<meta property=\"og:description\" content=\"Nh\u1eefng v\u1ecb c\u00f9ng tham gia H\u00f2a nh\u1ea1c T\u00ecnh y\u00eau S\u1ef1 s\u1ed1ng m\u1edbi l\u00e0 nh\u1eefng v\u1ecb \u0111\u00e3 l\u1ef1a ch\u1ecdn con \u0111\u01b0\u1eddng t\u00ecnh y\u00eau th\u01b0\u01a1ng trao t\u1eb7ng hy v\u1ecdng v\u00e0 d\u0169ng kh\u00ed cho nh\u1eefng ng\u01b0\u1eddi kh\u00f3 kh\u0103n. L\u00fac n\u00e0o t\u00f4i c\u0169ng c\u1ea3m \u01a1n v\u00ec \u0111\u01b0\u1ee3c l\u00e0m c\u00f9ng c\u00e1c qu\u00fd v\u1ecb c\u00f3 t\u1ea5m l\u00f2ng \u1ea5m \u00e1p v\u00e0 th\u00e2n thi\u1ec7n.\" \/>\n<meta property=\"og:url\" content=\"https:\/\/newlifeconcert.org\/vi\/greetings\/\" \/>\n<meta property=\"og:site_name\" content=\"H\u00f2a nh\u1ea1c T\u00ecnh y\u00eau S\u1ef1 s\u1ed1ng m\u1edbi\" \/>\n<meta property=\"article:modified_time\" content=\"2024-07-04T02:05:00+00:00\" \/>\n<meta property=\"og:image\" content=\"https:\/\/newlifeconcert.org\/wp-content\/uploads\/2022\/02\/greetings_new_life_concert.jpg\" \/>\n\t<meta property=\"og:image:width\" content=\"1200\" \/>\n\t<meta property=\"og:image:height\" content=\"630\" \/>\n\t<meta property=\"og:image:type\" content=\"image\/jpeg\" \/>\n<meta name=\"twitter:card\" content=\"summary_large_image\" \/>\n<script type=\"application\/ld+json\" class=\"yoast-schema-graph\">{\"@context\":\"https:\/\/schema.org\",\"@graph\":[{\"@type\":\"WebPage\",\"@id\":\"https:\/\/newlifeconcert.org\/vi\/greetings\/\",\"url\":\"https:\/\/newlifeconcert.org\/vi\/greetings\/\",\"name\":\"Zahng Gil Jah \u2013 Ch\u1ee7 t\u1ecbch danh d\u1ef1 Qu\u1ef9 WeLoveU Qu\u1ed1c t\u1ebf - H\u00f2a nh\u1ea1c T\u00ecnh y\u00eau S\u1ef1 s\u1ed1ng m\u1edbi\",\"isPartOf\":{\"@id\":\"https:\/\/newlifeconcert.org\/#website\"},\"datePublished\":\"2021-11-03T08:35:56+00:00\",\"dateModified\":\"2024-07-04T02:05:00+00:00\",\"description\":\"Nh\u1eefng v\u1ecb c\u00f9ng tham gia H\u00f2a nh\u1ea1c T\u00ecnh y\u00eau S\u1ef1 s\u1ed1ng m\u1edbi l\u00e0 nh\u1eefng v\u1ecb \u0111\u00e3 l\u1ef1a ch\u1ecdn con \u0111\u01b0\u1eddng t\u00ecnh y\u00eau th\u01b0\u01a1ng trao t\u1eb7ng hy v\u1ecdng v\u00e0 d\u0169ng kh\u00ed cho nh\u1eefng ng\u01b0\u1eddi kh\u00f3 kh\u0103n. L\u00fac n\u00e0o t\u00f4i c\u0169ng c\u1ea3m \u01a1n v\u00ec \u0111\u01b0\u1ee3c l\u00e0m c\u00f9ng c\u00e1c qu\u00fd v\u1ecb c\u00f3 t\u1ea5m l\u00f2ng \u1ea5m \u00e1p v\u00e0 th\u00e2n thi\u1ec7n.\",\"breadcrumb\":{\"@id\":\"https:\/\/newlifeconcert.org\/vi\/greetings\/#breadcrumb\"},\"inLanguage\":\"vi-VN\",\"potentialAction\":[{\"@type\":\"ReadAction\",\"target\":[\"https:\/\/newlifeconcert.org\/vi\/greetings\/\"]}]},{\"@type\":\"BreadcrumbList\",\"@id\":\"https:\/\/newlifeconcert.org\/vi\/greetings\/#breadcrumb\",\"itemListElement\":[{\"@type\":\"ListItem\",\"position\":1,\"name\":\"Home\",\"item\":\"https:\/\/newlifeconcert.org\/vi\/\"},{\"@type\":\"ListItem\",\"position\":2,\"name\":\"Zahng Gil Jah \u2013 Ch\u1ee7 t\u1ecbch danh d\u1ef1 Qu\u1ef9 WeLoveU Qu\u1ed1c t\u1ebf\"}]},{\"@type\":\"WebSite\",\"@id\":\"https:\/\/newlifeconcert.org\/#website\",\"url\":\"https:\/\/newlifeconcert.org\/\",\"name\":\"H\u00f2a nh\u1ea1c T\u00ecnh y\u00eau S\u1ef1 s\u1ed1ng m\u1edbi\",\"description\":\"\ub2e4\ub978 \uc6cc\ub4dc\ud504\ub798\uc2a4 \uc0ac\uc774\ud2b8\",\"potentialAction\":[{\"@type\":\"SearchAction\",\"target\":{\"@type\":\"EntryPoint\",\"urlTemplate\":\"https:\/\/newlifeconcert.org\/?s={search_term_string}\"},\"query-input\":\"required name=search_term_string\"}],\"inLanguage\":\"vi-VN\"}]}<\/script>\n<!-- \/ Yoast SEO plugin. -->","yoast_head_json":{"title":"Zahng Gil Jah \u2013 Ch\u1ee7 t\u1ecbch danh d\u1ef1 Qu\u1ef9 WeLoveU Qu\u1ed1c t\u1ebf - H\u00f2a nh\u1ea1c T\u00ecnh y\u00eau S\u1ef1 s\u1ed1ng m\u1edbi","description":"Nh\u1eefng v\u1ecb c\u00f9ng tham gia H\u00f2a nh\u1ea1c T\u00ecnh y\u00eau S\u1ef1 s\u1ed1ng m\u1edbi l\u00e0 nh\u1eefng v\u1ecb \u0111\u00e3 l\u1ef1a ch\u1ecdn con \u0111\u01b0\u1eddng t\u00ecnh y\u00eau th\u01b0\u01a1ng trao t\u1eb7ng hy v\u1ecdng v\u00e0 d\u0169ng kh\u00ed cho nh\u1eefng ng\u01b0\u1eddi kh\u00f3 kh\u0103n. L\u00fac n\u00e0o t\u00f4i c\u0169ng c\u1ea3m \u01a1n v\u00ec \u0111\u01b0\u1ee3c l\u00e0m c\u00f9ng c\u00e1c qu\u00fd v\u1ecb c\u00f3 t\u1ea5m l\u00f2ng \u1ea5m \u00e1p v\u00e0 th\u00e2n thi\u1ec7n.","robots":{"index":"index","follow":"follow","max-snippet":"max-snippet:-1","max-image-preview":"max-image-preview:large","max-video-preview":"max-video-preview:-1"},"canonical":"https:\/\/newlifeconcert.org\/vi\/greetings\/","og_locale":"vi_VN","og_type":"article","og_title":"Zahng Gil Jah \u2013 Ch\u1ee7 t\u1ecbch danh d\u1ef1 Qu\u1ef9 WeLoveU Qu\u1ed1c t\u1ebf - H\u00f2a nh\u1ea1c T\u00ecnh y\u00eau S\u1ef1 s\u1ed1ng m\u1edbi","og_description":"Nh\u1eefng v\u1ecb c\u00f9ng tham gia H\u00f2a nh\u1ea1c T\u00ecnh y\u00eau S\u1ef1 s\u1ed1ng m\u1edbi l\u00e0 nh\u1eefng v\u1ecb \u0111\u00e3 l\u1ef1a ch\u1ecdn con \u0111\u01b0\u1eddng t\u00ecnh y\u00eau th\u01b0\u01a1ng trao t\u1eb7ng hy v\u1ecdng v\u00e0 d\u0169ng kh\u00ed cho nh\u1eefng ng\u01b0\u1eddi kh\u00f3 kh\u0103n. L\u00fac n\u00e0o t\u00f4i c\u0169ng c\u1ea3m \u01a1n v\u00ec \u0111\u01b0\u1ee3c l\u00e0m c\u00f9ng c\u00e1c qu\u00fd v\u1ecb c\u00f3 t\u1ea5m l\u00f2ng \u1ea5m \u00e1p v\u00e0 th\u00e2n thi\u1ec7n.","og_url":"https:\/\/newlifeconcert.org\/vi\/greetings\/","og_site_name":"H\u00f2a nh\u1ea1c T\u00ecnh y\u00eau S\u1ef1 s\u1ed1ng m\u1edbi","article_modified_time":"2024-07-04T02:05:00+00:00","og_image":[{"width":1200,"height":630,"url":"https:\/\/newlifeconcert.org\/wp-content\/uploads\/2022\/02\/greetings_new_life_concert.jpg","type":"image\/jpeg"}],"twitter_card":"summary_large_image","schema":{"@context":"https:\/\/schema.org","@graph":[{"@type":"WebPage","@id":"https:\/\/newlifeconcert.org\/vi\/greetings\/","url":"https:\/\/newlifeconcert.org\/vi\/greetings\/","name":"Zahng Gil Jah \u2013 Ch\u1ee7 t\u1ecbch danh d\u1ef1 Qu\u1ef9 WeLoveU Qu\u1ed1c t\u1ebf - H\u00f2a nh\u1ea1c T\u00ecnh y\u00eau S\u1ef1 s\u1ed1ng m\u1edbi","isPartOf":{"@id":"https:\/\/newlifeconcert.org\/#website"},"datePublished":"2021-11-03T08:35:56+00:00","dateModified":"2024-07-04T02:05:00+00:00","description":"Nh\u1eefng v\u1ecb c\u00f9ng tham gia H\u00f2a nh\u1ea1c T\u00ecnh y\u00eau S\u1ef1 s\u1ed1ng m\u1edbi l\u00e0 nh\u1eefng v\u1ecb \u0111\u00e3 l\u1ef1a ch\u1ecdn con \u0111\u01b0\u1eddng t\u00ecnh y\u00eau th\u01b0\u01a1ng trao t\u1eb7ng hy v\u1ecdng v\u00e0 d\u0169ng kh\u00ed cho nh\u1eefng ng\u01b0\u1eddi kh\u00f3 kh\u0103n. L\u00fac n\u00e0o t\u00f4i c\u0169ng c\u1ea3m \u01a1n v\u00ec \u0111\u01b0\u1ee3c l\u00e0m c\u00f9ng c\u00e1c qu\u00fd v\u1ecb c\u00f3 t\u1ea5m l\u00f2ng \u1ea5m \u00e1p v\u00e0 th\u00e2n thi\u1ec7n.","breadcrumb":{"@id":"https:\/\/newlifeconcert.org\/vi\/greetings\/#breadcrumb"},"inLanguage":"vi-VN","potentialAction":[{"@type":"ReadAction","target":["https:\/\/newlifeconcert.org\/vi\/greetings\/"]}]},{"@type":"BreadcrumbList","@id":"https:\/\/newlifeconcert.org\/vi\/greetings\/#breadcrumb","itemListElement":[{"@type":"ListItem","position":1,"name":"Home","item":"https:\/\/newlifeconcert.org\/vi\/"},{"@type":"ListItem","position":2,"name":"Zahng Gil Jah \u2013 Ch\u1ee7 t\u1ecbch danh d\u1ef1 Qu\u1ef9 WeLoveU Qu\u1ed1c t\u1ebf"}]},{"@type":"WebSite","@id":"https:\/\/newlifeconcert.org\/#website","url":"https:\/\/newlifeconcert.org\/","name":"H\u00f2a nh\u1ea1c T\u00ecnh y\u00eau S\u1ef1 s\u1ed1ng m\u1edbi","description":"\ub2e4\ub978 \uc6cc\ub4dc\ud504\ub798\uc2a4 \uc0ac\uc774\ud2b8","potentialAction":[{"@type":"SearchAction","target":{"@type":"EntryPoint","urlTemplate":"https:\/\/newlifeconcert.org\/?s={search_term_string}"},"query-input":"required name=search_term_string"}],"inLanguage":"vi-VN"}]}},"_links":{"self":[{"href":"https:\/\/newlifeconcert.org\/vi\/wp-json\/wp\/v2\/pages\/512"}],"collection":[{"href":"https:\/\/newlifeconcert.org\/vi\/wp-json\/wp\/v2\/pages"}],"about":[{"href":"https:\/\/newlifeconcert.org\/vi\/wp-json\/wp\/v2\/types\/page"}],"author":[{"embeddable":true,"href":"https:\/\/newlifeconcert.org\/vi\/wp-json\/wp\/v2\/users\/7"}],"replies":[{"embeddable":true,"href":"https:\/\/newlifeconcert.org\/vi\/wp-json\/wp\/v2\/comments?post=512"}],"version-history":[{"count":4,"href":"https:\/\/newlifeconcert.org\/vi\/wp-json\/wp\/v2\/pages\/512\/revisions"}],"predecessor-version":[{"id":1567,"href":"https:\/\/newlifeconcert.org\/vi\/wp-json\/wp\/v2\/pages\/512\/revisions\/1567"}],"wp:featuredmedia":[{"embeddable":true,"href":"https:\/\/newlifeconcert.org\/vi\/wp-json\/wp\/v2\/media\/1501"}],"wp:attachment":[{"href":"https:\/\/newlifeconcert.org\/vi\/wp-json\/wp\/v2\/media?parent=512"}],"curies":[{"name":"wp","href":"https:\/\/api.w.org\/{rel}","templated":true}]}}