{"id":488,"date":"2021-11-03T17:35:27","date_gmt":"2021-11-03T08:35:27","guid":{"rendered":"https:\/\/newlifeconcert.org\/?page_id=488"},"modified":"2022-02-15T14:29:54","modified_gmt":"2022-02-15T05:29:54","slug":"home","status":"publish","type":"page","link":"https:\/\/newlifeconcert.org\/vi\/","title":{"rendered":"H\u00f2a nh\u1ea1c T\u00ecnh y\u00eau S\u1ef1 s\u1ed1ng m\u1edbi &#8211; Qu\u1ef9 WeLoveU Qu\u1ed1c t\u1ebf"},"content":{"rendered":"","protected":false},"excerpt":{"rendered":"","protected":false},"author":7,"featured_media":1493,"parent":0,"menu_order":0,"comment_status":"closed","ping_status":"closed","template":"","meta":{"footnotes":""},"yoast_head":"<!-- This site is optimized with the Yoast SEO plugin v21.9.1 - https:\/\/yoast.com\/wordpress\/plugins\/seo\/ -->\n<title>H\u00f2a nh\u1ea1c T\u00ecnh y\u00eau S\u1ef1 s\u1ed1ng m\u1edbi - Qu\u1ef9 WeLoveU Qu\u1ed1c t\u1ebf<\/title>\n<meta name=\"description\" content=\"H\u00f2a nh\u1ea1c T\u00ecnh y\u00eau S\u1ef1 s\u1ed1ng m\u1edbi l\u00e0 s\u1ef1 ki\u1ec7n ph\u00fac l\u1ee3i gi\u00fap \u0111\u1ee1 gia \u0111\u00ecnh to\u00e0n c\u1ea7u \u0111ang b\u1ecb kh\u00f3 kh\u0103n do thi\u00ean tai, b\u1ec7nh t\u1eadt, ngh\u00e8o \u0111\u00f3i v.v... Ch\u00fang t\u00f4i rao truy\u1ec1n hy v\u1ecdng v\u00e0 h\u1ea1nh ph\u00fac b\u1eb1ng b\u00e0i ca t\u00ecnh y\u00eau th\u01b0\u01a1ng.\" \/>\n<meta name=\"robots\" content=\"index, follow, max-snippet:-1, max-image-preview:large, max-video-preview:-1\" \/>\n<link rel=\"canonical\" href=\"https:\/\/newlifeconcert.org\/vi\/\" \/>\n<meta property=\"og:locale\" content=\"vi_VN\" \/>\n<meta property=\"og:type\" content=\"article\" \/>\n<meta property=\"og:title\" content=\"H\u00f2a nh\u1ea1c T\u00ecnh y\u00eau S\u1ef1 s\u1ed1ng m\u1edbi - Qu\u1ef9 WeLoveU Qu\u1ed1c t\u1ebf\" \/>\n<meta property=\"og:description\" content=\"H\u00f2a nh\u1ea1c T\u00ecnh y\u00eau S\u1ef1 s\u1ed1ng m\u1edbi l\u00e0 s\u1ef1 ki\u1ec7n ph\u00fac l\u1ee3i gi\u00fap \u0111\u1ee1 gia \u0111\u00ecnh to\u00e0n c\u1ea7u \u0111ang b\u1ecb kh\u00f3 kh\u0103n do thi\u00ean tai, b\u1ec7nh t\u1eadt, ngh\u00e8o \u0111\u00f3i v.v... Ch\u00fang t\u00f4i rao truy\u1ec1n hy v\u1ecdng v\u00e0 h\u1ea1nh ph\u00fac b\u1eb1ng b\u00e0i ca t\u00ecnh y\u00eau th\u01b0\u01a1ng.\" \/>\n<meta property=\"og:url\" content=\"https:\/\/newlifeconcert.org\/vi\/\" \/>\n<meta property=\"og:site_name\" content=\"H\u00f2a nh\u1ea1c T\u00ecnh y\u00eau S\u1ef1 s\u1ed1ng m\u1edbi\" \/>\n<meta property=\"article:modified_time\" content=\"2022-02-15T05:29:54+00:00\" \/>\n<meta property=\"og:image\" content=\"https:\/\/newlifeconcert.org\/wp-content\/uploads\/2022\/02\/weloveu_new_life_concert.jpg\" \/>\n\t<meta property=\"og:image:width\" content=\"1200\" \/>\n\t<meta property=\"og:image:height\" content=\"630\" \/>\n\t<meta property=\"og:image:type\" content=\"image\/jpeg\" \/>\n<meta name=\"twitter:card\" content=\"summary_large_image\" \/>\n<script type=\"application\/ld+json\" class=\"yoast-schema-graph\">{\"@context\":\"https:\/\/schema.org\",\"@graph\":[{\"@type\":\"WebPage\",\"@id\":\"https:\/\/newlifeconcert.org\/vi\/\",\"url\":\"https:\/\/newlifeconcert.org\/vi\/\",\"name\":\"H\u00f2a nh\u1ea1c T\u00ecnh y\u00eau S\u1ef1 s\u1ed1ng m\u1edbi - Qu\u1ef9 WeLoveU Qu\u1ed1c t\u1ebf\",\"isPartOf\":{\"@id\":\"https:\/\/newlifeconcert.org\/#website\"},\"datePublished\":\"2021-11-03T08:35:27+00:00\",\"dateModified\":\"2022-02-15T05:29:54+00:00\",\"description\":\"H\u00f2a nh\u1ea1c T\u00ecnh y\u00eau S\u1ef1 s\u1ed1ng m\u1edbi l\u00e0 s\u1ef1 ki\u1ec7n ph\u00fac l\u1ee3i gi\u00fap \u0111\u1ee1 gia \u0111\u00ecnh to\u00e0n c\u1ea7u \u0111ang b\u1ecb kh\u00f3 kh\u0103n do thi\u00ean tai, b\u1ec7nh t\u1eadt, ngh\u00e8o \u0111\u00f3i v.v... Ch\u00fang t\u00f4i rao truy\u1ec1n hy v\u1ecdng v\u00e0 h\u1ea1nh ph\u00fac b\u1eb1ng b\u00e0i ca t\u00ecnh y\u00eau th\u01b0\u01a1ng.\",\"breadcrumb\":{\"@id\":\"https:\/\/newlifeconcert.org\/vi\/#breadcrumb\"},\"inLanguage\":\"vi-VN\",\"potentialAction\":[{\"@type\":\"ReadAction\",\"target\":[\"https:\/\/newlifeconcert.org\/vi\/\"]}]},{\"@type\":\"BreadcrumbList\",\"@id\":\"https:\/\/newlifeconcert.org\/vi\/#breadcrumb\",\"itemListElement\":[{\"@type\":\"ListItem\",\"position\":1,\"name\":\"Home\",\"item\":\"https:\/\/newlifeconcert.org\/vi\/\"},{\"@type\":\"ListItem\",\"position\":2,\"name\":\"H\u00f2a nh\u1ea1c T\u00ecnh y\u00eau S\u1ef1 s\u1ed1ng m\u1edbi &#8211; Qu\u1ef9 WeLoveU Qu\u1ed1c t\u1ebf\"}]},{\"@type\":\"WebSite\",\"@id\":\"https:\/\/newlifeconcert.org\/#website\",\"url\":\"https:\/\/newlifeconcert.org\/\",\"name\":\"H\u00f2a nh\u1ea1c T\u00ecnh y\u00eau S\u1ef1 s\u1ed1ng m\u1edbi\",\"description\":\"\ub2e4\ub978 \uc6cc\ub4dc\ud504\ub798\uc2a4 \uc0ac\uc774\ud2b8\",\"potentialAction\":[{\"@type\":\"SearchAction\",\"target\":{\"@type\":\"EntryPoint\",\"urlTemplate\":\"https:\/\/newlifeconcert.org\/?s={search_term_string}\"},\"query-input\":\"required name=search_term_string\"}],\"inLanguage\":\"vi-VN\"}]}<\/script>\n<!-- \/ Yoast SEO plugin. -->","yoast_head_json":{"title":"H\u00f2a nh\u1ea1c T\u00ecnh y\u00eau S\u1ef1 s\u1ed1ng m\u1edbi - Qu\u1ef9 WeLoveU Qu\u1ed1c t\u1ebf","description":"H\u00f2a nh\u1ea1c T\u00ecnh y\u00eau S\u1ef1 s\u1ed1ng m\u1edbi l\u00e0 s\u1ef1 ki\u1ec7n ph\u00fac l\u1ee3i gi\u00fap \u0111\u1ee1 gia \u0111\u00ecnh to\u00e0n c\u1ea7u \u0111ang b\u1ecb kh\u00f3 kh\u0103n do thi\u00ean tai, b\u1ec7nh t\u1eadt, ngh\u00e8o \u0111\u00f3i v.v... Ch\u00fang t\u00f4i rao truy\u1ec1n hy v\u1ecdng v\u00e0 h\u1ea1nh ph\u00fac b\u1eb1ng b\u00e0i ca t\u00ecnh y\u00eau th\u01b0\u01a1ng.","robots":{"index":"index","follow":"follow","max-snippet":"max-snippet:-1","max-image-preview":"max-image-preview:large","max-video-preview":"max-video-preview:-1"},"canonical":"https:\/\/newlifeconcert.org\/vi\/","og_locale":"vi_VN","og_type":"article","og_title":"H\u00f2a nh\u1ea1c T\u00ecnh y\u00eau S\u1ef1 s\u1ed1ng m\u1edbi - Qu\u1ef9 WeLoveU Qu\u1ed1c t\u1ebf","og_description":"H\u00f2a nh\u1ea1c T\u00ecnh y\u00eau S\u1ef1 s\u1ed1ng m\u1edbi l\u00e0 s\u1ef1 ki\u1ec7n ph\u00fac l\u1ee3i gi\u00fap \u0111\u1ee1 gia \u0111\u00ecnh to\u00e0n c\u1ea7u \u0111ang b\u1ecb kh\u00f3 kh\u0103n do thi\u00ean tai, b\u1ec7nh t\u1eadt, ngh\u00e8o \u0111\u00f3i v.v... Ch\u00fang t\u00f4i rao truy\u1ec1n hy v\u1ecdng v\u00e0 h\u1ea1nh ph\u00fac b\u1eb1ng b\u00e0i ca t\u00ecnh y\u00eau th\u01b0\u01a1ng.","og_url":"https:\/\/newlifeconcert.org\/vi\/","og_site_name":"H\u00f2a nh\u1ea1c T\u00ecnh y\u00eau S\u1ef1 s\u1ed1ng m\u1edbi","article_modified_time":"2022-02-15T05:29:54+00:00","og_image":[{"width":1200,"height":630,"url":"https:\/\/newlifeconcert.org\/wp-content\/uploads\/2022\/02\/weloveu_new_life_concert.jpg","type":"image\/jpeg"}],"twitter_card":"summary_large_image","schema":{"@context":"https:\/\/schema.org","@graph":[{"@type":"WebPage","@id":"https:\/\/newlifeconcert.org\/vi\/","url":"https:\/\/newlifeconcert.org\/vi\/","name":"H\u00f2a nh\u1ea1c T\u00ecnh y\u00eau S\u1ef1 s\u1ed1ng m\u1edbi - Qu\u1ef9 WeLoveU Qu\u1ed1c t\u1ebf","isPartOf":{"@id":"https:\/\/newlifeconcert.org\/#website"},"datePublished":"2021-11-03T08:35:27+00:00","dateModified":"2022-02-15T05:29:54+00:00","description":"H\u00f2a nh\u1ea1c T\u00ecnh y\u00eau S\u1ef1 s\u1ed1ng m\u1edbi l\u00e0 s\u1ef1 ki\u1ec7n ph\u00fac l\u1ee3i gi\u00fap \u0111\u1ee1 gia \u0111\u00ecnh to\u00e0n c\u1ea7u \u0111ang b\u1ecb kh\u00f3 kh\u0103n do thi\u00ean tai, b\u1ec7nh t\u1eadt, ngh\u00e8o \u0111\u00f3i v.v... Ch\u00fang t\u00f4i rao truy\u1ec1n hy v\u1ecdng v\u00e0 h\u1ea1nh ph\u00fac b\u1eb1ng b\u00e0i ca t\u00ecnh y\u00eau th\u01b0\u01a1ng.","breadcrumb":{"@id":"https:\/\/newlifeconcert.org\/vi\/#breadcrumb"},"inLanguage":"vi-VN","potentialAction":[{"@type":"ReadAction","target":["https:\/\/newlifeconcert.org\/vi\/"]}]},{"@type":"BreadcrumbList","@id":"https:\/\/newlifeconcert.org\/vi\/#breadcrumb","itemListElement":[{"@type":"ListItem","position":1,"name":"Home","item":"https:\/\/newlifeconcert.org\/vi\/"},{"@type":"ListItem","position":2,"name":"H\u00f2a nh\u1ea1c T\u00ecnh y\u00eau S\u1ef1 s\u1ed1ng m\u1edbi &#8211; Qu\u1ef9 WeLoveU Qu\u1ed1c t\u1ebf"}]},{"@type":"WebSite","@id":"https:\/\/newlifeconcert.org\/#website","url":"https:\/\/newlifeconcert.org\/","name":"H\u00f2a nh\u1ea1c T\u00ecnh y\u00eau S\u1ef1 s\u1ed1ng m\u1edbi","description":"\ub2e4\ub978 \uc6cc\ub4dc\ud504\ub798\uc2a4 \uc0ac\uc774\ud2b8","potentialAction":[{"@type":"SearchAction","target":{"@type":"EntryPoint","urlTemplate":"https:\/\/newlifeconcert.org\/?s={search_term_string}"},"query-input":"required name=search_term_string"}],"inLanguage":"vi-VN"}]}},"_links":{"self":[{"href":"https:\/\/newlifeconcert.org\/vi\/wp-json\/wp\/v2\/pages\/488"}],"collection":[{"href":"https:\/\/newlifeconcert.org\/vi\/wp-json\/wp\/v2\/pages"}],"about":[{"href":"https:\/\/newlifeconcert.org\/vi\/wp-json\/wp\/v2\/types\/page"}],"author":[{"embeddable":true,"href":"https:\/\/newlifeconcert.org\/vi\/wp-json\/wp\/v2\/users\/7"}],"replies":[{"embeddable":true,"href":"https:\/\/newlifeconcert.org\/vi\/wp-json\/wp\/v2\/comments?post=488"}],"version-history":[{"count":2,"href":"https:\/\/newlifeconcert.org\/vi\/wp-json\/wp\/v2\/pages\/488\/revisions"}],"predecessor-version":[{"id":1198,"href":"https:\/\/newlifeconcert.org\/vi\/wp-json\/wp\/v2\/pages\/488\/revisions\/1198"}],"wp:featuredmedia":[{"embeddable":true,"href":"https:\/\/newlifeconcert.org\/vi\/wp-json\/wp\/v2\/media\/1493"}],"wp:attachment":[{"href":"https:\/\/newlifeconcert.org\/vi\/wp-json\/wp\/v2\/media?parent=488"}],"curies":[{"name":"wp","href":"https:\/\/api.w.org\/{rel}","templated":true}]}}