{"id":517,"date":"2021-11-03T17:36:13","date_gmt":"2021-11-03T08:36:13","guid":{"rendered":"https:\/\/newlifeconcert.org\/media\/"},"modified":"2022-01-25T11:20:04","modified_gmt":"2022-01-25T02:20:04","slug":"media","status":"publish","type":"page","link":"https:\/\/newlifeconcert.org\/es\/media\/","title":{"rendered":"Multimedia"},"content":{"rendered":"","protected":false},"excerpt":{"rendered":"Eche un vistazo al Concierto Nueva Vida, una oportunidad global para brindar consuelo <br>y esperanza al pr\u00f3jimo cansado y agotado a trav\u00e9s de m\u00fasica hermosa.","protected":false},"author":7,"featured_media":1496,"parent":0,"menu_order":0,"comment_status":"closed","ping_status":"closed","template":"","meta":{"footnotes":""},"yoast_head":"<!-- This site is optimized with the Yoast SEO plugin v21.9.1 - https:\/\/yoast.com\/wordpress\/plugins\/seo\/ -->\n<title>Multimedia - Concierto Nueva Vida<\/title>\n<meta name=\"description\" content=\"Eche un vistazo al Concierto Nueva Vida, una oportunidad global para brindar consuelo y esperanza al pr\u00f3jimo cansado y agotado a trav\u00e9s de m\u00fasica hermosa.\" \/>\n<meta name=\"robots\" content=\"index, follow, max-snippet:-1, max-image-preview:large, max-video-preview:-1\" \/>\n<link rel=\"canonical\" href=\"https:\/\/newlifeconcert.org\/es\/media\/\" \/>\n<meta property=\"og:locale\" content=\"es_ES\" \/>\n<meta property=\"og:type\" content=\"article\" \/>\n<meta property=\"og:title\" content=\"Multimedia - Concierto Nueva Vida\" \/>\n<meta property=\"og:description\" content=\"Eche un vistazo al Concierto Nueva Vida, una oportunidad global para brindar consuelo y esperanza al pr\u00f3jimo cansado y agotado a trav\u00e9s de m\u00fasica hermosa.\" \/>\n<meta property=\"og:url\" content=\"https:\/\/newlifeconcert.org\/es\/media\/\" \/>\n<meta property=\"og:site_name\" content=\"Concierto Nueva Vida\" \/>\n<meta property=\"article:modified_time\" content=\"2022-01-25T02:20:04+00:00\" \/>\n<meta property=\"og:image\" content=\"https:\/\/newlifeconcert.org\/wp-content\/uploads\/2022\/02\/media_new_life_concert.jpg\" \/>\n\t<meta property=\"og:image:width\" content=\"1200\" \/>\n\t<meta property=\"og:image:height\" content=\"630\" \/>\n\t<meta property=\"og:image:type\" content=\"image\/jpeg\" \/>\n<meta name=\"twitter:card\" content=\"summary_large_image\" \/>\n<script type=\"application\/ld+json\" class=\"yoast-schema-graph\">{\"@context\":\"https:\/\/schema.org\",\"@graph\":[{\"@type\":\"WebPage\",\"@id\":\"https:\/\/newlifeconcert.org\/es\/media\/\",\"url\":\"https:\/\/newlifeconcert.org\/es\/media\/\",\"name\":\"Multimedia - Concierto Nueva Vida\",\"isPartOf\":{\"@id\":\"https:\/\/newlifeconcert.org\/#website\"},\"datePublished\":\"2021-11-03T08:36:13+00:00\",\"dateModified\":\"2022-01-25T02:20:04+00:00\",\"description\":\"Eche un vistazo al Concierto Nueva Vida, una oportunidad global para brindar consuelo y esperanza al pr\u00f3jimo cansado y agotado a trav\u00e9s de m\u00fasica hermosa.\",\"breadcrumb\":{\"@id\":\"https:\/\/newlifeconcert.org\/es\/media\/#breadcrumb\"},\"inLanguage\":\"es\",\"potentialAction\":[{\"@type\":\"ReadAction\",\"target\":[\"https:\/\/newlifeconcert.org\/es\/media\/\"]}]},{\"@type\":\"BreadcrumbList\",\"@id\":\"https:\/\/newlifeconcert.org\/es\/media\/#breadcrumb\",\"itemListElement\":[{\"@type\":\"ListItem\",\"position\":1,\"name\":\"Home\",\"item\":\"https:\/\/newlifeconcert.org\/es\/\"},{\"@type\":\"ListItem\",\"position\":2,\"name\":\"Multimedia\"}]},{\"@type\":\"WebSite\",\"@id\":\"https:\/\/newlifeconcert.org\/#website\",\"url\":\"https:\/\/newlifeconcert.org\/\",\"name\":\"Concierto Nueva Vida\",\"description\":\"\ub2e4\ub978 \uc6cc\ub4dc\ud504\ub798\uc2a4 \uc0ac\uc774\ud2b8\",\"potentialAction\":[{\"@type\":\"SearchAction\",\"target\":{\"@type\":\"EntryPoint\",\"urlTemplate\":\"https:\/\/newlifeconcert.org\/?s={search_term_string}\"},\"query-input\":\"required name=search_term_string\"}],\"inLanguage\":\"es\"}]}<\/script>\n<!-- \/ Yoast SEO plugin. -->","yoast_head_json":{"title":"Multimedia - Concierto Nueva Vida","description":"Eche un vistazo al Concierto Nueva Vida, una oportunidad global para brindar consuelo y esperanza al pr\u00f3jimo cansado y agotado a trav\u00e9s de m\u00fasica hermosa.","robots":{"index":"index","follow":"follow","max-snippet":"max-snippet:-1","max-image-preview":"max-image-preview:large","max-video-preview":"max-video-preview:-1"},"canonical":"https:\/\/newlifeconcert.org\/es\/media\/","og_locale":"es_ES","og_type":"article","og_title":"Multimedia - Concierto Nueva Vida","og_description":"Eche un vistazo al Concierto Nueva Vida, una oportunidad global para brindar consuelo y esperanza al pr\u00f3jimo cansado y agotado a trav\u00e9s de m\u00fasica hermosa.","og_url":"https:\/\/newlifeconcert.org\/es\/media\/","og_site_name":"Concierto Nueva Vida","article_modified_time":"2022-01-25T02:20:04+00:00","og_image":[{"width":1200,"height":630,"url":"https:\/\/newlifeconcert.org\/wp-content\/uploads\/2022\/02\/media_new_life_concert.jpg","type":"image\/jpeg"}],"twitter_card":"summary_large_image","schema":{"@context":"https:\/\/schema.org","@graph":[{"@type":"WebPage","@id":"https:\/\/newlifeconcert.org\/es\/media\/","url":"https:\/\/newlifeconcert.org\/es\/media\/","name":"Multimedia - Concierto Nueva Vida","isPartOf":{"@id":"https:\/\/newlifeconcert.org\/#website"},"datePublished":"2021-11-03T08:36:13+00:00","dateModified":"2022-01-25T02:20:04+00:00","description":"Eche un vistazo al Concierto Nueva Vida, una oportunidad global para brindar consuelo y esperanza al pr\u00f3jimo cansado y agotado a trav\u00e9s de m\u00fasica hermosa.","breadcrumb":{"@id":"https:\/\/newlifeconcert.org\/es\/media\/#breadcrumb"},"inLanguage":"es","potentialAction":[{"@type":"ReadAction","target":["https:\/\/newlifeconcert.org\/es\/media\/"]}]},{"@type":"BreadcrumbList","@id":"https:\/\/newlifeconcert.org\/es\/media\/#breadcrumb","itemListElement":[{"@type":"ListItem","position":1,"name":"Home","item":"https:\/\/newlifeconcert.org\/es\/"},{"@type":"ListItem","position":2,"name":"Multimedia"}]},{"@type":"WebSite","@id":"https:\/\/newlifeconcert.org\/#website","url":"https:\/\/newlifeconcert.org\/","name":"Concierto Nueva Vida","description":"\ub2e4\ub978 \uc6cc\ub4dc\ud504\ub798\uc2a4 \uc0ac\uc774\ud2b8","potentialAction":[{"@type":"SearchAction","target":{"@type":"EntryPoint","urlTemplate":"https:\/\/newlifeconcert.org\/?s={search_term_string}"},"query-input":"required name=search_term_string"}],"inLanguage":"es"}]}},"_links":{"self":[{"href":"https:\/\/newlifeconcert.org\/es\/wp-json\/wp\/v2\/pages\/517"}],"collection":[{"href":"https:\/\/newlifeconcert.org\/es\/wp-json\/wp\/v2\/pages"}],"about":[{"href":"https:\/\/newlifeconcert.org\/es\/wp-json\/wp\/v2\/types\/page"}],"author":[{"embeddable":true,"href":"https:\/\/newlifeconcert.org\/es\/wp-json\/wp\/v2\/users\/7"}],"replies":[{"embeddable":true,"href":"https:\/\/newlifeconcert.org\/es\/wp-json\/wp\/v2\/comments?post=517"}],"version-history":[{"count":2,"href":"https:\/\/newlifeconcert.org\/es\/wp-json\/wp\/v2\/pages\/517\/revisions"}],"predecessor-version":[{"id":1313,"href":"https:\/\/newlifeconcert.org\/es\/wp-json\/wp\/v2\/pages\/517\/revisions\/1313"}],"wp:featuredmedia":[{"embeddable":true,"href":"https:\/\/newlifeconcert.org\/es\/wp-json\/wp\/v2\/media\/1496"}],"wp:attachment":[{"href":"https:\/\/newlifeconcert.org\/es\/wp-json\/wp\/v2\/media?parent=517"}],"curies":[{"name":"wp","href":"https:\/\/api.w.org\/{rel}","templated":true}]}}